{"id":15875,"date":"2017-04-10T21:32:31","date_gmt":"2017-04-10T21:32:31","guid":{"rendered":"http:\/\/www.jbmtranslations.world\/?page_id=15875\/"},"modified":"2017-05-03T21:04:33","modified_gmt":"2017-05-03T21:04:33","slug":"carrieres","status":"publish","type":"page","link":"http:\/\/www.jbmtranslations.world\/fr\/carrieres\/","title":{"rendered":"Carri\u00e8res"},"content":{"rendered":"<p>[vc_row css_animation=\u00a0\u00bb\u00a0\u00bb row_type=\u00a0\u00bbrow\u00a0\u00bb use_row_as_full_screen_section=\u00a0\u00bbyes\u00a0\u00bb type=\u00a0\u00bbgrid\u00a0\u00bb angled_section=\u00a0\u00bbno\u00a0\u00bb text_align=\u00a0\u00bbleft\u00a0\u00bb background_image_as_pattern=\u00a0\u00bbwithout_pattern\u00a0\u00bb padding_top=\u00a0\u00bb75&Prime; padding_bottom=\u00a0\u00bb40&Prime;][vc_column width=\u00a0\u00bb1\/6&Prime;][\/vc_column][vc_column width=\u00a0\u00bb2\/3&Prime;][vc_separator type=\u00a0\u00bbtransparent\u00a0\u00bb up=\u00a0\u00bb26&Prime; down=\u00a0\u00bb0&Prime;][vc_column_text]<\/p>\n<h2 style=\"text-align: center;\">Faites partie de l\u2019\u00e9quipe<br \/>\nJBM Translations<\/h2>\n<p>[\/vc_column_text][vc_separator type=\u00a0\u00bbtransparent\u00a0\u00bb up=\u00a0\u00bb20&Prime; down=\u00a0\u00bb0&Prime;][vc_column_text]<\/p>\n<p style=\"text-align: center;\">Nous sommes toujours \u00e0 la recherche de traducteurs fiables et dou\u00e9s pouvant entreprendre des traductions \u00e0 tout moment. JBM sait que les traducteurs de qualit\u00e9 sont de plus en plus difficiles \u00e0 trouver. C\u2019est pourquoi nous reconnaissons la valeur qu\u2019ils apportent et la raison pour laquelle nous leur fournissons du travail \u00e0 long terme, des compensations justes et un environnement de travail agr\u00e9able.<\/p>\n<p>[\/vc_column_text][\/vc_column][vc_column width=\u00a0\u00bb1\/6&Prime;][\/vc_column][\/vc_row][vc_row css_animation=\u00a0\u00bb\u00a0\u00bb row_type=\u00a0\u00bbrow\u00a0\u00bb use_row_as_full_screen_section=\u00a0\u00bbno\u00a0\u00bb type=\u00a0\u00bbgrid\u00a0\u00bb angled_section=\u00a0\u00bbno\u00a0\u00bb text_align=\u00a0\u00bbleft\u00a0\u00bb background_image_as_pattern=\u00a0\u00bbwithout_pattern\u00a0\u00bb padding_top=\u00a0\u00bb20&Prime; padding_bottom=\u00a0\u00bb21&Prime;][vc_column][vc_single_image image=\u00a0\u00bb15935&Prime; img_size=\u00a0\u00bbfull\u00a0\u00bb qode_css_animation=\u00a0\u00bb\u00a0\u00bb][vc_separator type=\u00a0\u00bbtransparent\u00a0\u00bb thickness=\u00a0\u00bb5&Prime;][\/vc_column][\/vc_row][vc_row css_animation=\u00a0\u00bb\u00a0\u00bb row_type=\u00a0\u00bbrow\u00a0\u00bb use_row_as_full_screen_section=\u00a0\u00bbno\u00a0\u00bb type=\u00a0\u00bbgrid\u00a0\u00bb angled_section=\u00a0\u00bbno\u00a0\u00bb text_align=\u00a0\u00bbleft\u00a0\u00bb background_image_as_pattern=\u00a0\u00bbwithout_pattern\u00a0\u00bb padding_top=\u00a0\u00bb0&Prime; padding_bottom=\u00a0\u00bb21&Prime;][vc_column width=\u00a0\u00bb1\/2&Prime;][vc_column_text]<\/p>\n<h5>Postulez par courriel<\/h5>\n<p>[\/vc_column_text][vc_column_text]Si vous \u00eates int\u00e9ress\u00e9s \u00e0 joindre notre \u00e9quipe, veuillez nous faire parvenir votre CV ainsi que vos langues de direction et disponibilit\u00e9s \u00e0 cette adresse :\u00a0<a href=\"mailto:contact@jbmtranslations.world?SUBJECT=Postuler un emploi \">contact@jbmtranslations.world<\/a>[\/vc_column_text][vc_separator type=\u00a0\u00bbtransparent\u00a0\u00bb thickness=\u00a0\u00bb5&Prime;][vc_column_text]Merci pour votre int\u00e9r\u00eat ![\/vc_column_text][\/vc_column][vc_column width=\u00a0\u00bb1\/2&Prime;][\/vc_column][\/vc_row][vc_row css_animation=\u00a0\u00bb\u00a0\u00bb row_type=\u00a0\u00bbrow\u00a0\u00bb use_row_as_full_screen_section=\u00a0\u00bbno\u00a0\u00bb type=\u00a0\u00bbgrid\u00a0\u00bb angled_section=\u00a0\u00bbno\u00a0\u00bb text_align=\u00a0\u00bbcenter\u00a0\u00bb background_image_as_pattern=\u00a0\u00bbwithout_pattern\u00a0\u00bb padding_top=\u00a0\u00bb50&Prime; padding_bottom=\u00a0\u00bb100&Prime;][vc_column]<span class='q_social_icon_holder circle_social' data-color=#ffffff data-hover-background-color=#8cdaff data-hover-color=#ffffff><a itemprop='url' href='https:\/\/www.facebook.com\/jbmtranslations.world\/' target='_blank'><span class='fa-stack ' style='background-color: #ececed;border-width: 0px;margin: 0 4px 0 0;font-size: 24px;'><i class=\"qode_icon_font_awesome fa fa-facebook \" style=\"color: #ffffff;font-size: 21px;\" ><\/i><\/span><\/a><\/span><span class='q_social_icon_holder circle_social' data-color=#ffffff data-hover-background-color=#8cdaff data-hover-color=#ffffff><a itemprop='url' href='https:\/\/www.linkedin.com\/in\/jbm-translations-a2941a13b\/' target='_blank'><span class='fa-stack ' style='background-color: #ececed;border-width: 0px;margin: 0 4px 0 0;font-size: 24px;'><i class=\"qode_icon_font_awesome fa fa-linkedin \" style=\"color: #ffffff;font-size: 21px;\" ><\/i><\/span><\/a><\/span><span class='q_social_icon_holder circle_social' data-color=#ffffff data-hover-background-color=#8cdaff data-hover-color=#ffffff><a itemprop='url' href='https:\/\/twitter.com\/JBMTranslation' target='_blank'><span class='fa-stack ' style='background-color: #ececed;border-width: 0px;margin: 0 4px 0 0;font-size: 24px;'><i class=\"qode_icon_font_awesome fa fa-twitter \" style=\"color: #ffffff;font-size: 21px;\" ><\/i><\/span><\/a><\/span>[\/vc_column][\/vc_row]<\/p>\n","protected":false},"excerpt":{"rendered":"<p>[vc_row css_animation=\u00a0\u00bb\u00a0\u00bb row_type=\u00a0\u00bbrow\u00a0\u00bb use_row_as_full_screen_section=\u00a0\u00bbyes\u00a0\u00bb type=\u00a0\u00bbgrid\u00a0\u00bb angled_section=\u00a0\u00bbno\u00a0\u00bb text_align=\u00a0\u00bbleft\u00a0\u00bb background_image_as_pattern=\u00a0\u00bbwithout_pattern\u00a0\u00bb padding_top=\u00a0\u00bb75&Prime; padding_bottom=\u00a0\u00bb40&Prime;][vc_column width=\u00a0\u00bb1\/6&Prime;][\/vc_column][vc_column width=\u00a0\u00bb2\/3&Prime;][vc_separator type=\u00a0\u00bbtransparent\u00a0\u00bb up=\u00a0\u00bb26&Prime; down=\u00a0\u00bb0&Prime;][vc_column_text] Faites partie de l\u2019\u00e9quipe JBM Translations [\/vc_column_text][vc_separator type=\u00a0\u00bbtransparent\u00a0\u00bb up=\u00a0\u00bb20&Prime; down=\u00a0\u00bb0&Prime;][vc_column_text] Nous sommes toujours \u00e0 la recherche de traducteurs fiables et dou\u00e9s pouvant entreprendre des traductions \u00e0 tout moment. JBM sait&#8230;<\/p>\n","protected":false},"author":1,"featured_media":0,"parent":0,"menu_order":71,"comment_status":"closed","ping_status":"closed","template":"full_width.php","meta":[],"_links":{"self":[{"href":"http:\/\/www.jbmtranslations.world\/fr\/wp-json\/wp\/v2\/pages\/15875"}],"collection":[{"href":"http:\/\/www.jbmtranslations.world\/fr\/wp-json\/wp\/v2\/pages"}],"about":[{"href":"http:\/\/www.jbmtranslations.world\/fr\/wp-json\/wp\/v2\/types\/page"}],"author":[{"embeddable":true,"href":"http:\/\/www.jbmtranslations.world\/fr\/wp-json\/wp\/v2\/users\/1"}],"replies":[{"embeddable":true,"href":"http:\/\/www.jbmtranslations.world\/fr\/wp-json\/wp\/v2\/comments?post=15875"}],"version-history":[{"count":6,"href":"http:\/\/www.jbmtranslations.world\/fr\/wp-json\/wp\/v2\/pages\/15875\/revisions"}],"predecessor-version":[{"id":16174,"href":"http:\/\/www.jbmtranslations.world\/fr\/wp-json\/wp\/v2\/pages\/15875\/revisions\/16174"}],"wp:attachment":[{"href":"http:\/\/www.jbmtranslations.world\/fr\/wp-json\/wp\/v2\/media?parent=15875"}],"curies":[{"name":"wp","href":"https:\/\/api.w.org\/{rel}","templated":true}]}}