{"id":15786,"date":"2015-05-06T14:18:20","date_gmt":"2015-05-06T14:18:20","guid":{"rendered":"http:\/\/www.jbmtranslations.world\/contact\/"},"modified":"2024-04-08T13:38:18","modified_gmt":"2024-04-08T13:38:18","slug":"contactez-nous","status":"publish","type":"page","link":"http:\/\/www.jbmtranslations.world\/fr\/contactez-nous\/","title":{"rendered":"Contactez-nous"},"content":{"rendered":"<p>[vc_row css_animation=\u00a0\u00bb\u00a0\u00bb row_type=\u00a0\u00bbrow\u00a0\u00bb use_row_as_full_screen_section=\u00a0\u00bbno\u00a0\u00bb type=\u00a0\u00bbgrid\u00a0\u00bb angled_section=\u00a0\u00bbno\u00a0\u00bb text_align=\u00a0\u00bbleft\u00a0\u00bb background_image_as_pattern=\u00a0\u00bbwithout_pattern\u00a0\u00bb padding_top=\u00a0\u00bb75&Prime; padding_bottom=\u00a0\u00bb40&Prime;][vc_column][vc_column_text]<\/p>\n<h2>Contactez-nous<\/h2>\n<p>[\/vc_column_text][vc_column_text]<\/p>\n<h3>JBM Translations est disponible pour r\u00e9pondre \u00e0 vos questions et demandes de services 24 heures sur 24, sept jours sur sept.<\/h3>\n<p>[\/vc_column_text][vc_separator type=\u00a0\u00bbtransparent\u00a0\u00bb up=\u00a0\u00bb20&Prime;][vc_column_text]<\/p>\n<h4><span style=\"color: #00aeff;\">+<\/span>\u00a0 (+1) 514 550-5823<\/h4>\n<h4><span style=\"color: #00aeff;\">_<\/span>\u00a0 <a href=\"mailto:contact@jbmtranslations.world?SUBJECT=Request from website visitor JBM Translations\">contact@jbmtranslations.world<\/a><\/h4>\n<p>[\/vc_column_text][vc_separator type=\u00a0\u00bbtransparent\u00a0\u00bb up=\u00a0\u00bb20&Prime;][vc_column_text]<\/p>\n<h4><span style=\"color: #00aeff;\">\/<\/span>\u00a0 <span class='q_social_icon_holder circle_social' data-color=#FFFFFF data-hover-background-color=#8cdaff data-hover-color=#FFFFFF><a itemprop='url' href='https:\/\/www.facebook.com\/jbmtranslations.world\/' target='_blank'><span class='fa-stack fa-lg' style='background-color: #ececed;border-width: 0px;margin: 0 8px 0 0;font-size: 16px;'><i class=\"qode_icon_font_awesome fa fa-facebook \" style=\"color: #FFFFFF;font-size: 13px;\" ><\/i><\/span><\/a><\/span><span class='q_social_icon_holder circle_social' data-color=#FFFFFF data-hover-background-color=#8cdaff data-hover-color=#FFFFFF><a itemprop='url' href='https:\/\/www.linkedin.com\/in\/jbm-translations-a2941a13b\/' target='_blank'><span class='fa-stack fa-lg' style='background-color: #ececed;border-width: 0px;margin: 0 8px 0 0;font-size: 16px;'><i class=\"qode_icon_font_awesome fa fa-linkedin \" style=\"color: #FFFFFF;font-size: 13px;\" ><\/i><\/span><\/a><\/span><span class='q_social_icon_holder circle_social' data-color=#FFFFFF data-hover-background-color=#8cdaff data-hover-color=#FFFFFF><a itemprop='url' href='https:\/\/twitter.com\/JBMTranslation' target='_blank'><span class='fa-stack fa-lg' style='background-color: #ececed;border-width: 0px;margin: 0 0 0 0;font-size: 16px;'><i class=\"qode_icon_font_awesome fa fa-twitter \" style=\"color: #FFFFFF;font-size: 13px;\" ><\/i><\/span><\/a><\/span><\/h4>\n<p>[\/vc_column_text][\/vc_column][\/vc_row][vc_row css_animation=\u00a0\u00bb\u00a0\u00bb row_type=\u00a0\u00bbrow\u00a0\u00bb use_row_as_full_screen_section=\u00a0\u00bbno\u00a0\u00bb type=\u00a0\u00bbgrid\u00a0\u00bb angled_section=\u00a0\u00bbno\u00a0\u00bb text_align=\u00a0\u00bbleft\u00a0\u00bb background_image_as_pattern=\u00a0\u00bbwithout_pattern\u00a0\u00bb][vc_column][vc_separator type=\u00a0\u00bbnormal\u00a0\u00bb color=\u00a0\u00bb#00aeff\u00a0\u00bb thickness=\u00a0\u00bb2&Prime;][vc_column_text]<\/p>\n<h3><span style=\"color: #000000;\"><strong>Obtenez un devis ou faites une demande<\/strong><\/span><\/h3>\n<p>Remplissez le formulaire ci-dessous pour obtenir un devis gratuit sans obligation ou pour faire une demande de traduction ou de services linguistiques.[\/vc_column_text][vc_separator type=\u00a0\u00bbtransparent\u00a0\u00bb thickness=\u00a0\u00bb20&Prime;]<div role=\"form\" class=\"wpcf7\" id=\"wpcf7-f15784-o1\" lang=\"en-US\" dir=\"ltr\">\n<div class=\"screen-reader-response\"><p role=\"status\" aria-live=\"polite\" aria-atomic=\"true\"><\/p> <ul><\/ul><\/div>\n<form action=\"\/fr\/wp-json\/wp\/v2\/pages\/15786#wpcf7-f15784-o1\" method=\"post\" class=\"wpcf7-form init default\" enctype=\"multipart\/form-data\" novalidate=\"novalidate\" data-status=\"init\">\n<div style=\"display: none;\">\n<input type=\"hidden\" name=\"_wpcf7\" value=\"15784\" \/>\n<input type=\"hidden\" name=\"_wpcf7_version\" value=\"5.5.6.1\" \/>\n<input type=\"hidden\" name=\"_wpcf7_locale\" value=\"en_US\" \/>\n<input type=\"hidden\" name=\"_wpcf7_unit_tag\" value=\"wpcf7-f15784-o1\" \/>\n<input type=\"hidden\" name=\"_wpcf7_container_post\" value=\"0\" \/>\n<input type=\"hidden\" name=\"_wpcf7_posted_data_hash\" value=\"\" \/>\n<\/div>\n<p>\n<h1><label> Nom complet*<br \/>\n    <span class=\"wpcf7-form-control-wrap your-name\"><input type=\"text\" name=\"your-name\" value=\"\" size=\"40\" class=\"wpcf7-form-control wpcf7-text wpcf7-validates-as-required\" aria-required=\"true\" aria-invalid=\"false\" \/><\/span> <\/label><\/h1>\n<\/p>\n<p>\n<h1><label> Nom de votre compagnie (si applicable)<br \/>\n    <span class=\"wpcf7-form-control-wrap your-company\"><input type=\"text\" name=\"your-company\" value=\"\" size=\"40\" class=\"wpcf7-form-control wpcf7-text\" aria-invalid=\"false\" \/><\/span> <\/label><\/h1>\n<\/p>\n<p>\n<h1><label> Adresse courriel*<br \/>\n    <span class=\"wpcf7-form-control-wrap your-email\"><input type=\"email\" name=\"your-email\" value=\"\" size=\"40\" class=\"wpcf7-form-control wpcf7-text wpcf7-email wpcf7-validates-as-required wpcf7-validates-as-email\" aria-required=\"true\" aria-invalid=\"false\" \/><\/span> <\/label><\/h1>\n<\/p>\n<p>\n<h1><label>Num\u00e9ro de t\u00e9l\u00e9phone<br \/>\n<span class=\"wpcf7-form-control-wrap your-tel\"><input type=\"tel\" name=\"your-tel\" value=\"\" size=\"40\" class=\"wpcf7-form-control wpcf7-text wpcf7-tel wpcf7-validates-as-tel\" aria-invalid=\"false\" \/><\/span><\/label><\/h1>\n<\/p>\n<p>\n<h1>Type de demande*<\/h1>\n<p> <span class=\"wpcf7-form-control-wrap your-request\"><span class=\"wpcf7-form-control wpcf7-checkbox wpcf7-validates-as-required wpcf7-exclusive-checkbox\"><span class=\"wpcf7-list-item first\"><input type=\"checkbox\" name=\"your-request\" value=\"Devis\" \/><span class=\"wpcf7-list-item-label\">Devis<\/span><\/span><span class=\"wpcf7-list-item\"><input type=\"checkbox\" name=\"your-request\" value=\"Demande de service\" \/><span class=\"wpcf7-list-item-label\">Demande de service<\/span><\/span><span class=\"wpcf7-list-item last\"><input type=\"checkbox\" name=\"your-request\" value=\"Information\" \/><span class=\"wpcf7-list-item-label\">Information<\/span><\/span><\/span><\/span><\/P<\/p>\n<p>\n<h1>D\u00e9lai de livraison<\/h1>\n<p><span class=\"wpcf7-form-control-wrap your-deliverytime\"><span class=\"wpcf7-form-control wpcf7-radio\"><span class=\"wpcf7-list-item first\"><span class=\"wpcf7-list-item-label\">Standard<\/span><input type=\"radio\" name=\"your-deliverytime\" value=\"Standard\" checked=\"checked\" \/><\/span><span class=\"wpcf7-list-item\"><span class=\"wpcf7-list-item-label\">Express (2-5 jours ouvrables)<\/span><input type=\"radio\" name=\"your-deliverytime\" value=\"Express (2-5 jours ouvrables)\" \/><\/span><span class=\"wpcf7-list-item last\"><span class=\"wpcf7-list-item-label\">Urgent (24h ou moins)<\/span><input type=\"radio\" name=\"your-deliverytime\" value=\"Urgent (24h ou moins)\" \/><\/span><\/span><\/span><\/p>\n<p>\n<h1>Service demand\u00e9<\/h1>\n<p><span class=\"wpcf7-form-control-wrap menu-service\"><select name=\"menu-service\" class=\"wpcf7-form-control wpcf7-select\" aria-invalid=\"false\"><option value=\"\">---<\/option><option value=\"Traduction\">Traduction<\/option><option value=\"R\u00e9vision\">R\u00e9vision<\/option><option value=\"Relecture\">Relecture<\/option><option value=\"Transcription\">Transcription<\/option><option value=\"Localisation\">Localisation<\/option><\/select><\/span><\/p>\n<p>\n<h1><label>Langue originale (source)<br \/>\n    <span class=\"wpcf7-form-control-wrap source-language\"><input type=\"text\" name=\"source-language\" value=\"\" size=\"40\" class=\"wpcf7-form-control wpcf7-text\" aria-invalid=\"false\" placeholder=\"e.g anglais, allemand, russe\u2026\" \/><\/span> <\/label><\/h1>\n<\/p>\n<p>\n<h1><label> Traduire vers (cible)<br \/>\n    <span class=\"wpcf7-form-control-wrap desired-language\"><input type=\"text\" name=\"desired-language\" value=\"\" size=\"40\" class=\"wpcf7-form-control wpcf7-text\" aria-invalid=\"false\" placeholder=\"e.g polonais, fran\u00e7ais, n\u00e9erlandais\u2026\" \/><\/span> <\/label><\/h1>\n<\/p>\n<p>\n<h1><label> Commentaires ou directives<br \/>\n    <span class=\"wpcf7-form-control-wrap your-message\"><textarea name=\"your-message\" cols=\"40\" rows=\"10\" class=\"wpcf7-form-control wpcf7-textarea\" aria-invalid=\"false\" placeholder=\"Si votre contenu est de nature confidentielle, contient des informations sensibles ou si vous n\u2019\u00eates tout simplement pas \u00e0 l\u2019aise de nous l\u2019envoyer, s\u2019il vous pla\u00eet nous fournir le plus de d\u00e9tails possibles (sujet, type de texte, nombre de mots, etc.).\"><\/textarea><\/span> <\/label><\/h1>\n<\/p>\n<p>\n<h1><label>T\u00e9l\u00e9chargez votre document<\/h1>\n<p>Si vous avez plusieurs documents \u00e0 t\u00e9l\u00e9charger, nous vous conseillons de les convertir en fichier .zip. Si vous \u00e9prouvez des difficult\u00e9s quelconques, vous pouvez nous les envoyer individuellement par courriel \u00e0 <b><A HREF=\"mailto:contact@jbmtranslations.world?SUBJECT=Request from website visitor JBM Translations\">contact@jbmtranslations.world<\/A>.<\/b><\/p>\n<p>Formats accept\u00e9s : pdf., txt., docx., .zip. Pour les fichiers de plus de 15 MB, nous vous recommandons d\u2019utiliser <b><A HREF=\"https:\/\/wetransfer.com\/?to=contact@jbmtranslations.world&msg=Logfiles en database\" target=\"_blank\">WeTransfer<\/A><\/b>.<\/p>\n<h1>T\u00e9l\u00e9charger<br \/>\n<h1\/><br><span class=\"wpcf7-form-control-wrap your-file\"><input type=\"file\" name=\"your-file\" size=\"40\" class=\"wpcf7-form-control wpcf7-file\" accept=\".pdf,.txt,.doc,.docx,.zip,.ppt\" aria-invalid=\"false\" \/><\/span><\/label><br \/>\n<br><br><br \/>\n<input type=\"submit\" value=\"Envoyer\" class=\"wpcf7-form-control has-spinner wpcf7-submit\" \/><\/p>\n<p style=\"display: none !important;\" class=\"akismet-fields-container\" data-prefix=\"_wpcf7_ak_\"><label>&#916;<textarea name=\"_wpcf7_ak_hp_textarea\" cols=\"45\" rows=\"8\" maxlength=\"100\"><\/textarea><\/label><input type=\"hidden\" id=\"ak_js_1\" name=\"_wpcf7_ak_js\" value=\"138\"\/><script>document.getElementById( \"ak_js_1\" ).setAttribute( \"value\", ( new Date() ).getTime() );<\/script><\/p><div class=\"wpcf7-response-output\" aria-hidden=\"true\"><\/div><\/form><\/div>[vc_separator type=\u00a0\u00bbtransparent\u00a0\u00bb thickness=\u00a0\u00bb20&Prime;][\/vc_column][\/vc_row]<\/p>\n","protected":false},"excerpt":{"rendered":"<p>[vc_row css_animation=\u00a0\u00bb\u00a0\u00bb row_type=\u00a0\u00bbrow\u00a0\u00bb use_row_as_full_screen_section=\u00a0\u00bbno\u00a0\u00bb type=\u00a0\u00bbgrid\u00a0\u00bb angled_section=\u00a0\u00bbno\u00a0\u00bb text_align=\u00a0\u00bbleft\u00a0\u00bb background_image_as_pattern=\u00a0\u00bbwithout_pattern\u00a0\u00bb padding_top=\u00a0\u00bb75&Prime; padding_bottom=\u00a0\u00bb40&Prime;][vc_column][vc_column_text] Contactez-nous [\/vc_column_text][vc_column_text] JBM Translations est disponible pour r\u00e9pondre \u00e0 vos questions et demandes de services 24 heures sur 24, sept jours sur sept. [\/vc_column_text][vc_separator type=\u00a0\u00bbtransparent\u00a0\u00bb up=\u00a0\u00bb20&Prime;][vc_column_text] +\u00a0 (+1) 514 550-5823 _\u00a0 contact@jbmtranslations.world [\/vc_column_text][vc_separator type=\u00a0\u00bbtransparent\u00a0\u00bb up=\u00a0\u00bb20&Prime;][vc_column_text]&#8230;<\/p>\n","protected":false},"author":1,"featured_media":0,"parent":0,"menu_order":70,"comment_status":"open","ping_status":"open","template":"full_width.php","meta":[],"_links":{"self":[{"href":"http:\/\/www.jbmtranslations.world\/fr\/wp-json\/wp\/v2\/pages\/15786"}],"collection":[{"href":"http:\/\/www.jbmtranslations.world\/fr\/wp-json\/wp\/v2\/pages"}],"about":[{"href":"http:\/\/www.jbmtranslations.world\/fr\/wp-json\/wp\/v2\/types\/page"}],"author":[{"embeddable":true,"href":"http:\/\/www.jbmtranslations.world\/fr\/wp-json\/wp\/v2\/users\/1"}],"replies":[{"embeddable":true,"href":"http:\/\/www.jbmtranslations.world\/fr\/wp-json\/wp\/v2\/comments?post=15786"}],"version-history":[{"count":4,"href":"http:\/\/www.jbmtranslations.world\/fr\/wp-json\/wp\/v2\/pages\/15786\/revisions"}],"predecessor-version":[{"id":19550,"href":"http:\/\/www.jbmtranslations.world\/fr\/wp-json\/wp\/v2\/pages\/15786\/revisions\/19550"}],"wp:attachment":[{"href":"http:\/\/www.jbmtranslations.world\/fr\/wp-json\/wp\/v2\/media?parent=15786"}],"curies":[{"name":"wp","href":"https:\/\/api.w.org\/{rel}","templated":true}]}}