{"id":15667,"date":"2017-03-03T10:37:20","date_gmt":"2017-03-03T10:37:20","guid":{"rendered":"http:\/\/www.jbmtranslations.world\/?page_id=15667"},"modified":"2017-12-06T10:14:07","modified_gmt":"2017-12-06T10:14:07","slug":"home","status":"publish","type":"page","link":"http:\/\/www.jbmtranslations.world\/fr\/","title":{"rendered":"Accueil"},"content":{"rendered":"<p>[vc_row css_animation=\u00a0\u00bb\u00a0\u00bb row_type=\u00a0\u00bbrow\u00a0\u00bb use_row_as_full_screen_section=\u00a0\u00bbno\u00a0\u00bb type=\u00a0\u00bbfull_width\u00a0\u00bb angled_section=\u00a0\u00bbno\u00a0\u00bb text_align=\u00a0\u00bbleft\u00a0\u00bb background_image_as_pattern=\u00a0\u00bbwithout_pattern\u00a0\u00bb][vc_column][vc_empty_space][\/vc_column][\/vc_row][vc_row css_animation=\u00a0\u00bb\u00a0\u00bb row_type=\u00a0\u00bbrow\u00a0\u00bb use_row_as_full_screen_section=\u00a0\u00bbno\u00a0\u00bb type=\u00a0\u00bbgrid\u00a0\u00bb angled_section=\u00a0\u00bbno\u00a0\u00bb text_align=\u00a0\u00bbcenter\u00a0\u00bb background_image_as_pattern=\u00a0\u00bbwithout_pattern\u00a0\u00bb padding_top=\u00a0\u00bb40&Prime; padding_bottom=\u00a0\u00bb40&Prime;][vc_column][vc_column_text]<\/p>\n<h6 style=\"text-align: center;\">JBM vous donne acc\u00e8s \u00e0 des traductions humaines de haute qualit\u00e9<\/h6>\n<p>[\/vc_column_text][vc_separator type=\u00a0\u00bbtransparent\u00a0\u00bb up=\u00a0\u00bb20&Prime; down=\u00a0\u00bb0&Prime;][\/vc_column][\/vc_row][vc_row css_animation=\u00a0\u00bb\u00a0\u00bb row_type=\u00a0\u00bbrow\u00a0\u00bb use_row_as_full_screen_section=\u00a0\u00bbno\u00a0\u00bb type=\u00a0\u00bbgrid\u00a0\u00bb angled_section=\u00a0\u00bbno\u00a0\u00bb text_align=\u00a0\u00bbcenter\u00a0\u00bb background_image_as_pattern=\u00a0\u00bbwithout_pattern\u00a0\u00bb background_color=\u00a0\u00bb#f4f4f4&Prime; padding_top=\u00a0\u00bb75&Prime; padding_bottom=\u00a0\u00bb75&Prime;][vc_column][vc_column_text]<\/p>\n<h2 style=\"text-align: center;\">Services JBM Translations<\/h2>\n<p>[\/vc_column_text][\/vc_column][\/vc_row][vc_row css_animation=\u00a0\u00bb\u00a0\u00bb row_type=\u00a0\u00bbrow\u00a0\u00bb use_row_as_full_screen_section=\u00a0\u00bbno\u00a0\u00bb type=\u00a0\u00bbgrid\u00a0\u00bb angled_section=\u00a0\u00bbno\u00a0\u00bb text_align=\u00a0\u00bbcenter\u00a0\u00bb background_image_as_pattern=\u00a0\u00bbwithout_pattern\u00a0\u00bb background_color=\u00a0\u00bb#f4f4f4&Prime; padding_bottom=\u00a0\u00bb42&Prime;][vc_column width=\u00a0\u00bb1\/4&Prime;][vc_single_image image=\u00a0\u00bb15530&Prime; alignment=\u00a0\u00bbcenter\u00a0\u00bb qode_css_animation=\u00a0\u00bb\u00a0\u00bb][vc_separator type=\u00a0\u00bbtransparent\u00a0\u00bb up=\u00a0\u00bb20&Prime; down=\u00a0\u00bb0&Prime;][vc_column_text]<\/p>\n<h5 style=\"text-align: center;\"><strong> Traduction<\/strong><\/h5>\n<p>[\/vc_column_text][vc_column_text]<\/p>\n<p style=\"text-align: center;\">Un processus rapide et facile.<\/p>\n<p>[\/vc_column_text][vc_separator type=\u00a0\u00bbtransparent\u00a0\u00bb up=\u00a0\u00bb20&Prime; down=\u00a0\u00bb0&Prime;]<a  itemprop=\"url\" href=\"services\" target=\"_self\"  class=\"qbutton  small default\" style=\"\">Lire la suite<\/a>[vc_separator type=\u00a0\u00bbtransparent\u00a0\u00bb up=\u00a0\u00bb40&Prime; down=\u00a0\u00bb0&Prime;][\/vc_column][vc_column width=\u00a0\u00bb1\/4&Prime;][vc_single_image image=\u00a0\u00bb15528&Prime; alignment=\u00a0\u00bbcenter\u00a0\u00bb qode_css_animation=\u00a0\u00bb\u00a0\u00bb][vc_separator type=\u00a0\u00bbtransparent\u00a0\u00bb up=\u00a0\u00bb20&Prime; down=\u00a0\u00bb0&Prime;][vc_column_text]<\/p>\n<h5 style=\"text-align: center;\"><strong>R\u00e9vision et relecture<\/strong><\/h5>\n<p>[\/vc_column_text][vc_column_text]<\/p>\n<p style=\"text-align: center;\">Parce que les erreurs ne valent pas le <em>co\u00fbt.<\/em><\/p>\n<p>[\/vc_column_text][vc_separator type=\u00a0\u00bbtransparent\u00a0\u00bb up=\u00a0\u00bb20&Prime; down=\u00a0\u00bb0&Prime;]<a  itemprop=\"url\" href=\"services\" target=\"_self\"  class=\"qbutton  small default\" style=\"\">Lire la suite<\/a>[vc_separator type=\u00a0\u00bbtransparent\u00a0\u00bb up=\u00a0\u00bb40&Prime; down=\u00a0\u00bb0&Prime;][\/vc_column][vc_column width=\u00a0\u00bb1\/4&Prime;][vc_single_image image=\u00a0\u00bb15529&Prime; alignment=\u00a0\u00bbcenter\u00a0\u00bb qode_css_animation=\u00a0\u00bb\u00a0\u00bb][vc_separator type=\u00a0\u00bbtransparent\u00a0\u00bb up=\u00a0\u00bb20&Prime; down=\u00a0\u00bb0&Prime;][vc_column_text]<\/p>\n<h5 style=\"text-align: center;\"><strong>Transcription<\/strong><\/h5>\n<p>[\/vc_column_text][vc_column_text]<\/p>\n<p style=\"text-align: center;\">Lorsque la rapidit\u00e9 et la pr\u00e9cision sont primordiales.<\/p>\n<p>[\/vc_column_text][vc_separator type=\u00a0\u00bbtransparent\u00a0\u00bb up=\u00a0\u00bb20&Prime; down=\u00a0\u00bb0&Prime;]<a  itemprop=\"url\" href=\"services\" target=\"_self\"  class=\"qbutton  small default\" style=\"\">Lire la suite<\/a>[vc_separator type=\u00a0\u00bbtransparent\u00a0\u00bb up=\u00a0\u00bb40&Prime; down=\u00a0\u00bb0&Prime;][\/vc_column][vc_column width=\u00a0\u00bb1\/4&Prime;][vc_single_image image=\u00a0\u00bb15527&Prime; alignment=\u00a0\u00bbcenter\u00a0\u00bb qode_css_animation=\u00a0\u00bb\u00a0\u00bb][vc_separator type=\u00a0\u00bbtransparent\u00a0\u00bb up=\u00a0\u00bb20&Prime; down=\u00a0\u00bb0&Prime;][vc_column_text]<\/p>\n<h5 style=\"text-align: center;\"><strong>Localisation<\/strong><\/h5>\n<p>[\/vc_column_text][vc_column_text]<\/p>\n<p style=\"text-align: center;\">Adaptez votre contenu au march\u00e9 de votre choix.<\/p>\n<p>[\/vc_column_text][vc_separator type=\u00a0\u00bbtransparent\u00a0\u00bb up=\u00a0\u00bb20&Prime; down=\u00a0\u00bb0&Prime;]<a  itemprop=\"url\" href=\"services\" target=\"_self\"  class=\"qbutton  small default\" style=\"\">Lire la suite<\/a>[vc_separator type=\u00a0\u00bbtransparent\u00a0\u00bb up=\u00a0\u00bb40&Prime; down=\u00a0\u00bb0&Prime;][\/vc_column][\/vc_row][vc_row css_animation=\u00a0\u00bb\u00a0\u00bb row_type=\u00a0\u00bbrow\u00a0\u00bb use_row_as_full_screen_section=\u00a0\u00bbno\u00a0\u00bb type=\u00a0\u00bbgrid\u00a0\u00bb angled_section=\u00a0\u00bbno\u00a0\u00bb text_align=\u00a0\u00bbcenter\u00a0\u00bb background_image_as_pattern=\u00a0\u00bbwithout_pattern\u00a0\u00bb padding_top=\u00a0\u00bb75&Prime; padding_bottom=\u00a0\u00bb75&Prime;][vc_column][vc_column_text]<\/p>\n<h2 style=\"text-align: center;\">Domaines de sp\u00e9cialisation<\/h2>\n<p>[\/vc_column_text][vc_separator type=\u00a0\u00bbtransparent\u00a0\u00bb up=\u00a0\u00bb21&Prime; down=\u00a0\u00bb0&Prime;][vc_column_text]<\/p>\n<h6 style=\"text-align: center;\"><a href=\"http:\/\/www.jbmtranslations.world\/fr\/specialisation\/\">Technique<\/a> \u00a0\/ \u00a0<a href=\"http:\/\/www.jbmtranslations.world\/fr\/specialisation\/\">Sp\u00e9cialis\u00e9<\/a> \u00a0\/ \u00a0<a href=\"http:\/\/www.jbmtranslations.world\/fr\/specialisation\/\">Cr\u00e9atif<\/a> \u00a0\/ \u00a0<a href=\"http:\/\/www.jbmtranslations.world\/fr\/specialisation\/\">G\u00e9n\u00e9ral<\/a> \u00a0\/ <a href=\"http:\/\/www.jbmtranslations.world\/fr\/specialisation\/\">Pour particuliers<\/a><\/h6>\n<p>[\/vc_column_text][vc_separator type=\u00a0\u00bbtransparent\u00a0\u00bb up=\u00a0\u00bb31&Prime; down=\u00a0\u00bb0&Prime;][vc_single_image image=\u00a0\u00bb16111&Prime; img_size=\u00a0\u00bblarge\u00a0\u00bb alignment=\u00a0\u00bbcenter\u00a0\u00bb onclick=\u00a0\u00bbcustom_link\u00a0\u00bb qode_css_animation=\u00a0\u00bb\u00a0\u00bb link=\u00a0\u00bbhttp:\/\/www.jbmtranslations.world\/fr\/specialisation\/\u00a0\u00bb][\/vc_column][\/vc_row][vc_row css_animation=\u00a0\u00bb\u00a0\u00bb row_type=\u00a0\u00bbrow\u00a0\u00bb use_row_as_full_screen_section=\u00a0\u00bbno\u00a0\u00bb type=\u00a0\u00bbgrid\u00a0\u00bb angled_section=\u00a0\u00bbno\u00a0\u00bb text_align=\u00a0\u00bbcenter\u00a0\u00bb background_image=\u00a0\u00bb15728&Prime; background_image_as_pattern=\u00a0\u00bbwithout_pattern\u00a0\u00bb background_color=\u00a0\u00bb#f4f4f4&Prime; padding_top=\u00a0\u00bb100&Prime; padding_bottom=\u00a0\u00bb100&Prime;][vc_column width=\u00a0\u00bb1\/3&Prime;][vc_column_text]<\/p>\n<h3 style=\"text-align: center;\"><span style=\"color: #ffff00;\">fran\u00e7ais (QC) \/ fran\u00e7ais (EU) \/ anglais (Can., \u00c9-U., GB) \/ espagnol \/ italien \/ arabe \/ portugais \/ hongrois<\/span><\/h3>\n<p>[\/vc_column_text][\/vc_column][vc_column width=\u00a0\u00bb1\/3&Prime;][vc_column_text]<\/p>\n<h3><span style=\"color: #ffff00;\">n\u00e9erlandais\u00a0\/ allemand\u00a0\/ su\u00e9dois \/ norv\u00e9gien \/ danois \/ finlandais \/ turc \/ grec \/ roumain \/ polonais<\/span><\/h3>\n<p>[\/vc_column_text][\/vc_column][vc_column width=\u00a0\u00bb1\/3&Prime;][vc_column_text]<\/p>\n<h3><span style=\"color: #ffff00;\">russe\u00a0\/ polonais\u00a0\/ japonais\u00a0\/ chinois \/ cor\u00e9en\u00a0\/ hindi \/ tagalog\u00a0\/ tha\u00ef \/ malais \/ et plus&#8230;<\/span><\/h3>\n<p>[\/vc_column_text][\/vc_column][\/vc_row][vc_row css_animation=\u00a0\u00bb\u00a0\u00bb row_type=\u00a0\u00bbrow\u00a0\u00bb use_row_as_full_screen_section=\u00a0\u00bbno\u00a0\u00bb type=\u00a0\u00bbgrid\u00a0\u00bb angled_section=\u00a0\u00bbno\u00a0\u00bb text_align=\u00a0\u00bbcenter\u00a0\u00bb background_image_as_pattern=\u00a0\u00bbwithout_pattern\u00a0\u00bb padding_top=\u00a0\u00bb75&Prime; padding_bottom=\u00a0\u00bb80&Prime;][vc_column][vc_separator type=\u00a0\u00bbtransparent\u00a0\u00bb up=\u00a0\u00bb23&Prime; down=\u00a0\u00bb0&Prime;]<div class='qode_carousels_holder clearfix'><div class='qode_carousels' data-number-of-visible-items=''><ul class='slides'><li class='item'><div class=\"carousel_item_holder\"><span class='first_image_holder '><img itemprop=\"image\" src=\"http:\/\/www.jbmtranslations.world\/wp-content\/uploads\/2017\/03\/logo-10th-planet.png\" alt=\"carousel image\" \/><\/span><\/div><\/li><li class='item'><div class=\"carousel_item_holder\"><span class='first_image_holder '><img itemprop=\"image\" src=\"http:\/\/www.jbmtranslations.world\/wp-content\/uploads\/2017\/03\/logo-becel.png\" alt=\"carousel image\" \/><\/span><\/div><\/li><li class='item'><div class=\"carousel_item_holder\"><span class='first_image_holder '><img itemprop=\"image\" src=\"http:\/\/www.jbmtranslations.world\/wp-content\/uploads\/2017\/03\/logo-biosmedical.png\" alt=\"carousel image\" \/><\/span><\/div><\/li><li class='item'><div class=\"carousel_item_holder\"><span class='first_image_holder '><img itemprop=\"image\" src=\"http:\/\/www.jbmtranslations.world\/wp-content\/uploads\/2017\/03\/logo-busbud.png\" alt=\"carousel image\" \/><\/span><\/div><\/li><li class='item'><div class=\"carousel_item_holder\"><span class='first_image_holder '><img itemprop=\"image\" src=\"http:\/\/www.jbmtranslations.world\/wp-content\/uploads\/2017\/03\/logo-cottagelife.png\" alt=\"carousel image\" \/><\/span><\/div><\/li><li class='item'><div class=\"carousel_item_holder\"><span class='first_image_holder '><img itemprop=\"image\" src=\"http:\/\/www.jbmtranslations.world\/wp-content\/uploads\/2017\/03\/logo-eccefilms.png\" alt=\"carousel image\" \/><\/span><\/div><\/li><li class='item'><div class=\"carousel_item_holder\"><span class='first_image_holder '><img itemprop=\"image\" src=\"http:\/\/www.jbmtranslations.world\/wp-content\/uploads\/2017\/03\/logo-lightland.png\" alt=\"carousel image\" \/><\/span><\/div><\/li><li class='item'><div class=\"carousel_item_holder\"><span class='first_image_holder '><img itemprop=\"image\" src=\"http:\/\/www.jbmtranslations.world\/wp-content\/uploads\/2017\/03\/logo-slushpuppie.png\" alt=\"carousel image\" \/><\/span><\/div><\/li><li class='item'><div class=\"carousel_item_holder\"><span class='first_image_holder '><img itemprop=\"image\" src=\"http:\/\/www.jbmtranslations.world\/wp-content\/uploads\/2017\/03\/logo-smartcompanion.png\" alt=\"carousel image\" \/><\/span><\/div><\/li><li class='item'><div class=\"carousel_item_holder\"><span class='first_image_holder '><img itemprop=\"image\" src=\"http:\/\/www.jbmtranslations.world\/wp-content\/uploads\/2017\/03\/logo-psac.png\" alt=\"carousel image\" \/><\/span><\/div><\/li><li class='item'><div class=\"carousel_item_holder\"><span class='first_image_holder '><img itemprop=\"image\" src=\"http:\/\/www.jbmtranslations.world\/wp-content\/uploads\/2017\/03\/logo-parliamentcanada.png\" alt=\"carousel image\" \/><\/span><\/div><\/li><li class='item'><div class=\"carousel_item_holder\"><span class='first_image_holder '><img itemprop=\"image\" src=\"http:\/\/www.jbmtranslations.world\/wp-content\/uploads\/2017\/03\/logo-specialtygaskets.png\" alt=\"carousel image\" \/><\/span><\/div><\/li><li class='item'><div class=\"carousel_item_holder\"><span class='first_image_holder '><img itemprop=\"image\" src=\"http:\/\/www.jbmtranslations.world\/wp-content\/uploads\/2017\/03\/logo-uno.png\" alt=\"carousel image\" \/><\/span><\/div><\/li><li class='item'><div class=\"carousel_item_holder\"><span class='first_image_holder '><img itemprop=\"image\" src=\"http:\/\/www.jbmtranslations.world\/wp-content\/uploads\/2017\/03\/logo-viora.png\" alt=\"carousel image\" \/><\/span><\/div><\/li><li class='item'><div class=\"carousel_item_holder\"><span class='first_image_holder '><img itemprop=\"image\" src=\"http:\/\/www.jbmtranslations.world\/wp-content\/uploads\/2017\/04\/logo-zoomacademie.png\" alt=\"carousel image\" \/><\/span><\/div><\/li><li class='item'><div class=\"carousel_item_holder\"><span class='first_image_holder '><img itemprop=\"image\" src=\"http:\/\/www.jbmtranslations.world\/wp-content\/uploads\/2017\/04\/logo-airtutoring.png\" alt=\"carousel image\" \/><\/span><\/div><\/li><li class='item'><div class=\"carousel_item_holder\"><span class='first_image_holder '><img itemprop=\"image\" src=\"http:\/\/www.jbmtranslations.world\/wp-content\/uploads\/2017\/04\/logo-bridgetone.png\" alt=\"carousel image\" \/><\/span><\/div><\/li><li class='item'><div class=\"carousel_item_holder\"><span class='first_image_holder '><img itemprop=\"image\" src=\"http:\/\/www.jbmtranslations.world\/wp-content\/uploads\/2017\/04\/Logo-beggarkings.png\" alt=\"carousel image\" \/><\/span><\/div><\/li><li class='item'><div class=\"carousel_item_holder\"><span class='first_image_holder '><img itemprop=\"image\" src=\"http:\/\/www.jbmtranslations.world\/wp-content\/uploads\/2017\/12\/logo-coorslight.jpg\" alt=\"carousel image\" \/><\/span><\/div><\/li><li class='item'><div class=\"carousel_item_holder\"><\/div><\/li><li class='item'><div class=\"carousel_item_holder\"><span class='first_image_holder '><img itemprop=\"image\" src=\"http:\/\/www.jbmtranslations.world\/wp-content\/uploads\/2018\/01\/Technical-Translation.png\" alt=\"carousel image\" \/><\/span><\/div><\/li><li class='item'><div class=\"carousel_item_holder\"><span class='first_image_holder '><img itemprop=\"image\" src=\"http:\/\/www.jbmtranslations.world\/wp-content\/uploads\/2020\/02\/logo-bwi.png\" alt=\"carousel image\" \/><\/span><\/div><\/li><li class='item'><div class=\"carousel_item_holder\"><span class='first_image_holder '><img itemprop=\"image\" src=\"http:\/\/www.jbmtranslations.world\/wp-content\/uploads\/2020\/02\/logo-ncindustrial.png\" alt=\"carousel image\" \/><\/span><\/div><\/li><li class='item'><div class=\"carousel_item_holder\"><span class='first_image_holder '><img itemprop=\"image\" src=\"http:\/\/www.jbmtranslations.world\/wp-content\/uploads\/2020\/02\/logo-factry-1.png\" alt=\"carousel image\" \/><\/span><\/div><\/li><li class='item'><div class=\"carousel_item_holder\"><span class='first_image_holder '><img itemprop=\"image\" src=\"http:\/\/www.jbmtranslations.world\/wp-content\/uploads\/2020\/02\/logo-mcgill.png\" alt=\"carousel image\" \/><\/span><\/div><\/li><li class='item'><div class=\"carousel_item_holder\"><span class='first_image_holder '><img itemprop=\"image\" src=\"http:\/\/www.jbmtranslations.world\/wp-content\/uploads\/2020\/02\/logo-toysrus.png\" alt=\"carousel image\" \/><\/span><\/div><\/li><li class='item'><div class=\"carousel_item_holder\"><span class='first_image_holder '><img itemprop=\"image\" src=\"http:\/\/www.jbmtranslations.world\/wp-content\/uploads\/2020\/02\/logo-barista.png\" alt=\"carousel image\" \/><\/span><\/div><\/li><li class='item'><div class=\"carousel_item_holder\"><span class='first_image_holder '><img itemprop=\"image\" src=\"http:\/\/www.jbmtranslations.world\/wp-content\/uploads\/2020\/02\/logo-cheercanada.png\" alt=\"carousel image\" \/><\/span><\/div><\/li><li class='item'><div class=\"carousel_item_holder\"><span class='first_image_holder '><img itemprop=\"image\" src=\"http:\/\/www.jbmtranslations.world\/wp-content\/uploads\/2020\/02\/logo-golftown.png\" alt=\"carousel image\" \/><\/span><\/div><\/li><li class='item'><div class=\"carousel_item_holder\"><span class='first_image_holder '><img itemprop=\"image\" src=\"http:\/\/www.jbmtranslations.world\/wp-content\/uploads\/2020\/02\/logo-goretex.png\" alt=\"carousel image\" \/><\/span><\/div><\/li><li class='item'><div class=\"carousel_item_holder\"><span class='first_image_holder '><img itemprop=\"image\" src=\"http:\/\/www.jbmtranslations.world\/wp-content\/uploads\/2020\/02\/logo-groupeevex.png\" alt=\"carousel image\" \/><\/span><\/div><\/li><li class='item'><div class=\"carousel_item_holder\"><span class='first_image_holder '><img itemprop=\"image\" src=\"http:\/\/www.jbmtranslations.world\/wp-content\/uploads\/2020\/02\/logo-inmotion.png\" alt=\"carousel image\" \/><\/span><\/div><\/li><li class='item'><div class=\"carousel_item_holder\"><span class='first_image_holder '><img itemprop=\"image\" src=\"http:\/\/www.jbmtranslations.world\/wp-content\/uploads\/2020\/02\/logo-karinejoncas.png\" alt=\"carousel image\" \/><\/span><\/div><\/li><li class='item'><div class=\"carousel_item_holder\"><span class='first_image_holder '><img itemprop=\"image\" src=\"http:\/\/www.jbmtranslations.world\/wp-content\/uploads\/2020\/02\/logo-patagonia.png\" alt=\"carousel image\" \/><\/span><\/div><\/li><li class='item'><div class=\"carousel_item_holder\"><span class='first_image_holder '><img itemprop=\"image\" src=\"http:\/\/www.jbmtranslations.world\/wp-content\/uploads\/2020\/02\/logo-sportinglife.png\" alt=\"carousel image\" \/><\/span><\/div><\/li><li class='item'><div class=\"carousel_item_holder\"><span class='first_image_holder '><img itemprop=\"image\" src=\"http:\/\/www.jbmtranslations.world\/wp-content\/uploads\/2020\/02\/logo-thenorthface.png\" alt=\"carousel image\" \/><\/span><\/div><\/li><li class='item'><div class=\"carousel_item_holder\"><span class='first_image_holder '><img itemprop=\"image\" src=\"http:\/\/www.jbmtranslations.world\/wp-content\/uploads\/2020\/02\/logo-ugg.png\" alt=\"carousel image\" \/><\/span><\/div><\/li><li class='item'><div class=\"carousel_item_holder\"><span class='first_image_holder '><img itemprop=\"image\" src=\"http:\/\/www.jbmtranslations.world\/wp-content\/uploads\/2020\/02\/logo-vitamix.png\" alt=\"carousel image\" \/><\/span><\/div><\/li><\/ul><\/div><\/div>[\/vc_column][\/vc_row]<\/p>\n","protected":false},"excerpt":{"rendered":"<p>[vc_row css_animation=\u00a0\u00bb\u00a0\u00bb row_type=\u00a0\u00bbrow\u00a0\u00bb use_row_as_full_screen_section=\u00a0\u00bbno\u00a0\u00bb type=\u00a0\u00bbfull_width\u00a0\u00bb angled_section=\u00a0\u00bbno\u00a0\u00bb text_align=\u00a0\u00bbleft\u00a0\u00bb background_image_as_pattern=\u00a0\u00bbwithout_pattern\u00a0\u00bb][vc_column][vc_empty_space][\/vc_column][\/vc_row][vc_row css_animation=\u00a0\u00bb\u00a0\u00bb row_type=\u00a0\u00bbrow\u00a0\u00bb use_row_as_full_screen_section=\u00a0\u00bbno\u00a0\u00bb type=\u00a0\u00bbgrid\u00a0\u00bb angled_section=\u00a0\u00bbno\u00a0\u00bb text_align=\u00a0\u00bbcenter\u00a0\u00bb background_image_as_pattern=\u00a0\u00bbwithout_pattern\u00a0\u00bb padding_top=\u00a0\u00bb40&Prime; padding_bottom=\u00a0\u00bb40&Prime;][vc_column][vc_column_text] JBM vous donne acc\u00e8s \u00e0 des traductions humaines de haute qualit\u00e9 [\/vc_column_text][vc_separator type=\u00a0\u00bbtransparent\u00a0\u00bb up=\u00a0\u00bb20&Prime; down=\u00a0\u00bb0&Prime;][\/vc_column][\/vc_row][vc_row css_animation=\u00a0\u00bb\u00a0\u00bb row_type=\u00a0\u00bbrow\u00a0\u00bb use_row_as_full_screen_section=\u00a0\u00bbno\u00a0\u00bb type=\u00a0\u00bbgrid\u00a0\u00bb angled_section=\u00a0\u00bbno\u00a0\u00bb text_align=\u00a0\u00bbcenter\u00a0\u00bb background_image_as_pattern=\u00a0\u00bbwithout_pattern\u00a0\u00bb background_color=\u00a0\u00bb#f4f4f4&Prime; padding_top=\u00a0\u00bb75&Prime; padding_bottom=\u00a0\u00bb75&Prime;][vc_column][vc_column_text] Services JBM Translations&#8230;<\/p>\n","protected":false},"author":1,"featured_media":0,"parent":0,"menu_order":1,"comment_status":"open","ping_status":"open","template":"full_width.php","meta":[],"_links":{"self":[{"href":"http:\/\/www.jbmtranslations.world\/fr\/wp-json\/wp\/v2\/pages\/15667"}],"collection":[{"href":"http:\/\/www.jbmtranslations.world\/fr\/wp-json\/wp\/v2\/pages"}],"about":[{"href":"http:\/\/www.jbmtranslations.world\/fr\/wp-json\/wp\/v2\/types\/page"}],"author":[{"embeddable":true,"href":"http:\/\/www.jbmtranslations.world\/fr\/wp-json\/wp\/v2\/users\/1"}],"replies":[{"embeddable":true,"href":"http:\/\/www.jbmtranslations.world\/fr\/wp-json\/wp\/v2\/comments?post=15667"}],"version-history":[{"count":5,"href":"http:\/\/www.jbmtranslations.world\/fr\/wp-json\/wp\/v2\/pages\/15667\/revisions"}],"predecessor-version":[{"id":16245,"href":"http:\/\/www.jbmtranslations.world\/fr\/wp-json\/wp\/v2\/pages\/15667\/revisions\/16245"}],"wp:attachment":[{"href":"http:\/\/www.jbmtranslations.world\/fr\/wp-json\/wp\/v2\/media?parent=15667"}],"curies":[{"name":"wp","href":"https:\/\/api.w.org\/{rel}","templated":true}]}}